{"id":845,"date":"2022-01-06T19:51:49","date_gmt":"2022-01-06T19:51:49","guid":{"rendered":"http:\/\/200.105.174.37\/website\/?page_id=845"},"modified":"2022-01-06T19:53:10","modified_gmt":"2022-01-06T19:53:10","slug":"quienes-somos-2","status":"publish","type":"page","link":"http:\/\/200.105.174.37\/website\/?page_id=845","title":{"rendered":"ODESPRO S.R.L"},"content":{"rendered":"\n<div class=\"wp-block-columns is-layout-flex wp-container-core-columns-is-layout-3 wp-block-columns-is-layout-flex\">\n<div class=\"wp-block-column is-layout-flow wp-block-column-is-layout-flow\" style=\"flex-basis:66.66%\">\n<hr class=\"wp-block-separator is-style-wide\"\/>\n\n\n\n<p>Organizaci\u00f3n para el Desarrollo de Sistemas y Proyectos SRL \u2013 ODESPRO fue creada el 27 de enero del a\u00f1o 2000. Somos una empresa boliviana que brinda servicios de consultor\u00eda al sector p\u00fablico y privado, contamos con experiencia probada en el desarrollo de sistemas de seguimiento, monitoreo y evaluaci\u00f3n, evaluaciones instituciones de programas y proyectos, elaboraci\u00f3n de estudios de investigaci\u00f3n cuantitativo y cualitativo.<\/p>\n\n\n\n<p>Adem\u00e1s contamos con una vasta experiencia en organizaci\u00f3n archivos f\u00edsicos y conformaci\u00f3n de archivos digitales. Asimismo proveemos hardware y construimos centros de datos.<\/p>\n\n\n\n<p>No importa si el proyecto de desarrollo o servicio es grande o peque\u00f1o, es complejo o sencillo, nos comprometemos a plenitud en la correcta, eficiente y oportuna obtenci\u00f3n de los resultados, de manera las soluciones que se implementar\u00e1 apoyan a mejorar la productividad de su organizaci\u00f3n.<\/p>\n\n\n\n<p>Nos involucramos en conocer plenamente los procesos del giro de su negocio para los cuales planeamos, desarrollamos e implementamos soluciones adecuados y a la medida de sus necesidades, no adaptamos ni improvisamos soluciones, incorporamos soluciones ajustados completamente a sus requerimientos.<\/p>\n\n\n\n<p>Ofrecemos un soporte de garant\u00eda continuo, pertinente y por un tiempo prudente garantizando la correcta producci\u00f3n de las soluciones inform\u00e1ticas implantadas en su organizaci\u00f3n. Asimismo, nos aseguramos que la operaci\u00f3n o explotaci\u00f3n de los recursos inform\u00e1ticos proporcionados sea llevado totalmente por personal de su entidad.<\/p>\n<\/div>\n\n\n\n<div class=\"wp-block-column is-layout-flow wp-block-column-is-layout-flow\" style=\"flex-basis:33.33%\">\n<div class=\"wp-block-columns is-layout-flex wp-container-core-columns-is-layout-2 wp-block-columns-is-layout-flex\">\n<div class=\"wp-block-column is-layout-flow wp-block-column-is-layout-flow\">\n<div class=\"wp-block-columns is-layout-flex wp-container-core-columns-is-layout-1 wp-block-columns-is-layout-flex\">\n<div class=\"wp-block-column is-layout-flow wp-block-column-is-layout-flow\">\n<p>Estamos presentes en:<\/p>\n\n\n\n<figure class=\"wp-block-image size-full is-style-default\"><img loading=\"lazy\" decoding=\"async\" width=\"1000\" height=\"750\" src=\"http:\/\/200.105.174.37\/website\/wp-content\/uploads\/2022\/01\/lapaz900.jpg\" alt=\"\" class=\"wp-image-848\" srcset=\"http:\/\/200.105.174.37\/website\/wp-content\/uploads\/2022\/01\/lapaz900.jpg 1000w, http:\/\/200.105.174.37\/website\/wp-content\/uploads\/2022\/01\/lapaz900-300x225.jpg 300w, http:\/\/200.105.174.37\/website\/wp-content\/uploads\/2022\/01\/lapaz900-768x576.jpg 768w, http:\/\/200.105.174.37\/website\/wp-content\/uploads\/2022\/01\/lapaz900-600x450.jpg 600w\" sizes=\"(max-width: 1000px) 100vw, 1000px\" \/><\/figure>\n<\/div>\n<\/div>\n\n\n\n<p>ODESPRO ofrece a sus clientes las siguientes l\u00edneas de servicio y comercializaci\u00f3n:<\/p>\n\n\n\n<ul><li>SERVICIO DE DIGITALIZACI\u00d3N DE DOCUMENTOS.<\/li><li>DESARROLLO DE SOFTWARE.<\/li><li>PROVISI\u00d3N DE SOFTWARE DE GESTI\u00d3N DOCUMENTAL.<\/li><li>CONSTRUCCI\u00d3N DE DATA CENTERS.<\/li><li>SERVICIO DE CAPTURA MASIVA DE DATOS.<\/li><li>COMERCIALIZACI\u00d3N DE HARDWARE.<\/li><\/ul>\n<\/div>\n<\/div>\n<\/div>\n<\/div>\n\n\n\n<p>Somos una empresa comprometida con el desarrollo tecnol\u00f3gico en total convivencia con salvaguardar el medio ambiente, preservar la naturaleza, resguardar la tierra a trav\u00e9s del uso de energ\u00eda limpia, evitando la contaminaci\u00f3n, la generaci\u00f3n de di\u00f3xido de carbono y no da\u00f1ar nuestra capa de ozono. Bajo este alto principio nos hemos involucrado en proponer, dise\u00f1ar e implementar sistemas inform\u00e1ticos que reduzcan el uso de papel.<\/p>\n\n\n\n<p>Desde su conformaci\u00f3n, ODESPRO S.R.L., se ha destacado por mostrar un significativo \u00edndice de crecimiento f\u00edsico, tecnol\u00f3gico y econ\u00f3mico, que posibilit\u00f3 su consolidaci\u00f3n en el mercado nacional en base a: eficiencia, creatividad, \u00e9tica profesional y compromiso con los resultados<\/p>\n","protected":false},"excerpt":{"rendered":"<p>Organizaci\u00f3n para el Desarrollo de Sistemas y Proyectos SRL \u2013 ODESPRO fue creada el 27 de enero del a\u00f1o 2000. [&hellip;]<\/p>\n","protected":false},"author":1,"featured_media":0,"parent":0,"menu_order":0,"comment_status":"closed","ping_status":"closed","template":"page-templates\/full-width.php","meta":{"footnotes":""},"_links":{"self":[{"href":"http:\/\/200.105.174.37\/website\/index.php?rest_route=\/wp\/v2\/pages\/845"}],"collection":[{"href":"http:\/\/200.105.174.37\/website\/index.php?rest_route=\/wp\/v2\/pages"}],"about":[{"href":"http:\/\/200.105.174.37\/website\/index.php?rest_route=\/wp\/v2\/types\/page"}],"author":[{"embeddable":true,"href":"http:\/\/200.105.174.37\/website\/index.php?rest_route=\/wp\/v2\/users\/1"}],"replies":[{"embeddable":true,"href":"http:\/\/200.105.174.37\/website\/index.php?rest_route=%2Fwp%2Fv2%2Fcomments&post=845"}],"version-history":[{"count":1,"href":"http:\/\/200.105.174.37\/website\/index.php?rest_route=\/wp\/v2\/pages\/845\/revisions"}],"predecessor-version":[{"id":850,"href":"http:\/\/200.105.174.37\/website\/index.php?rest_route=\/wp\/v2\/pages\/845\/revisions\/850"}],"wp:attachment":[{"href":"http:\/\/200.105.174.37\/website\/index.php?rest_route=%2Fwp%2Fv2%2Fmedia&parent=845"}],"curies":[{"name":"wp","href":"https:\/\/api.w.org\/{rel}","templated":true}]}}